{"id":13877,"date":"2021-10-01T13:35:33","date_gmt":"2021-10-01T13:35:33","guid":{"rendered":"https:\/\/mutas.be\/?page_id=13877"},"modified":"2023-02-16T10:19:15","modified_gmt":"2023-02-16T10:19:15","slug":"missie-kernbegrippen","status":"publish","type":"page","link":"https:\/\/mutas.be\/fr\/missie-kernbegrippen\/","title":{"rendered":"Missie &#038; Kernbegrippen"},"content":{"rendered":"<p><div class=\"fusion-fullwidth fullwidth-box fusion-builder-row-1 fusion-flex-container hundred-percent-fullwidth non-hundred-percent-height-scrolling fusion-animated\" style=\"--awb-border-radius-top-left:0px;--awb-border-radius-top-right:0px;--awb-border-radius-bottom-right:0px;--awb-border-radius-bottom-left:0px;--awb-padding-top:40px;--awb-flex-wrap:wrap;\" data-animationtype=\"fadeInUp\" data-animationduration=\"0.3\" data-animationoffset=\"top-into-view\" ><div class=\"fusion-builder-row fusion-row fusion-flex-align-items-flex-start fusion-flex-content-wrap\" style=\"width:104% !important;max-width:104% !important;margin-left: calc(-4% \/ 2 );margin-right: calc(-4% \/ 2 );\"><div class=\"fusion-layout-column fusion_builder_column fusion-builder-column-0 fusion_builder_column_1_1 1_1 fusion-flex-column\" style=\"--awb-bg-size:cover;--awb-width-large:100%;--awb-margin-top-large:0px;--awb-spacing-right-large:1.92%;--awb-margin-bottom-large:20px;--awb-spacing-left-large:1.92%;--awb-width-medium:100%;--awb-order-medium:0;--awb-spacing-right-medium:1.92%;--awb-spacing-left-medium:1.92%;--awb-width-small:100%;--awb-order-small:0;--awb-spacing-right-small:1.92%;--awb-spacing-left-small:1.92%;\"><div class=\"fusion-column-wrapper fusion-column-has-shadow fusion-flex-justify-content-flex-start fusion-content-layout-column\"><div class=\"fusion-title title fusion-title-1 fusion-title-text fusion-title-size-one\"><div class=\"title-sep-container title-sep-container-left fusion-no-large-visibility fusion-no-medium-visibility fusion-no-small-visibility\"><div class=\"title-sep sep- sep-solid\" style=\"border-color:#e0dede;\"><\/div><\/div><span class=\"awb-title-spacer fusion-no-large-visibility fusion-no-medium-visibility fusion-no-small-visibility\"><\/span><h1 class=\"fusion-title-heading title-heading-left fusion-responsive-typography-calculated\" style=\"margin:0;--fontSize:60;line-height:1.40;\"><h2>Notre mission<\/h2><\/h1><span class=\"awb-title-spacer\"><\/span><div class=\"title-sep-container title-sep-container-right\"><div class=\"title-sep sep- sep-solid\" style=\"border-color:#e0dede;\"><\/div><\/div><\/div><div class=\"fusion-text fusion-text-1\"><p class=\" translation-block\"><span style=\"color: #8b1017\">Mutas<\/span> a.s.b.l. est une organisation inter-mutualiste et pluraliste unique. \nLe client et l'assistance sont au centre de nos pr\u00e9occupations. \nLa centrale d'alarme et de soins <span style=\"color: #8b1017\">Mutas<\/span> est disponible jour et nuit pour les membres des mutualit\u00e9s belges, du CPAS et d'un certain nombre d'autres organisations. \n<span style=\"color: #8b1017\">Mutas<\/span> fournit une assistance m\u00e9dicale \u00e0 l'\u00e9tranger, organise le transport non urgent de malades en Belgique et est une centrale de soins pour les personnes ayant une alarme personnelle et pour de nombreux services de soins \u00e0 domicile.\nChez <span style=\"color: #8b1017\">Mutas<\/span>, nous nous engageons \u00e0 aider les gens de mani\u00e8re professionnelle et bienveillante. L'empathie et la gentillesse sont notre seconde nature. Et gr\u00e2ce \u00e0 nos nombreuses ann\u00e9es d'exp\u00e9rience, nous sommes une organisation solide avec un r\u00e9seau mondial. \n<span style=\"color: #8b1017\">Mutas<\/span>, c'est une \u00e9quipe dynamique dans une soci\u00e9t\u00e9 qui \u00e9volue rapidement !<\/p>\n<\/div><\/div><\/div><\/div><\/div><div class=\"fusion-fullwidth fullwidth-box fusion-builder-row-2 fusion-flex-container hundred-percent-fullwidth non-hundred-percent-height-scrolling fusion-animated\" style=\"--awb-border-radius-top-left:0px;--awb-border-radius-top-right:0px;--awb-border-radius-bottom-right:0px;--awb-border-radius-bottom-left:0px;--awb-padding-top:40px;--awb-padding-bottom:40px;--awb-flex-wrap:wrap;\" data-animationtype=\"fadeInUp\" data-animationduration=\"0.3\" data-animationoffset=\"top-into-view\" ><div class=\"fusion-builder-row fusion-row fusion-flex-align-items-flex-start fusion-flex-content-wrap\" style=\"width:104% !important;max-width:104% !important;margin-left: calc(-4% \/ 2 );margin-right: calc(-4% \/ 2 );\"><div class=\"fusion-layout-column fusion_builder_column fusion-builder-column-1 fusion_builder_column_1_1 1_1 fusion-flex-column\" style=\"--awb-bg-size:cover;--awb-width-large:100%;--awb-margin-top-large:0px;--awb-spacing-right-large:1.92%;--awb-margin-bottom-large:20px;--awb-spacing-left-large:1.92%;--awb-width-medium:100%;--awb-order-medium:0;--awb-spacing-right-medium:1.92%;--awb-spacing-left-medium:1.92%;--awb-width-small:100%;--awb-order-small:0;--awb-spacing-right-small:1.92%;--awb-spacing-left-small:1.92%;\"><div class=\"fusion-column-wrapper fusion-column-has-shadow fusion-flex-justify-content-flex-start fusion-content-layout-column\"><div class=\"fusion-title title fusion-title-2 fusion-title-text fusion-title-size-one\"><div class=\"title-sep-container title-sep-container-left fusion-no-large-visibility fusion-no-medium-visibility fusion-no-small-visibility\"><div class=\"title-sep sep- sep-solid\" style=\"border-color:#e0dede;\"><\/div><\/div><span class=\"awb-title-spacer fusion-no-large-visibility fusion-no-medium-visibility fusion-no-small-visibility\"><\/span><h1 class=\"fusion-title-heading title-heading-left fusion-responsive-typography-calculated\" style=\"margin:0;--fontSize:60;line-height:1.40;\"><h2>Nos concepts-cl\u00e9s<\/h2><\/h1><span class=\"awb-title-spacer\"><\/span><div class=\"title-sep-container title-sep-container-right\"><div class=\"title-sep sep- sep-solid\" style=\"border-color:#e0dede;\"><\/div><\/div><\/div><div class=\"fusion-text fusion-text-2\"><p><span style=\"color: #8b1017;\"><strong>Mutas est unique<\/strong><\/span><br \/>\n<em>Mutas est un projet unique car c'est un projet inter-mutualiste. Notre fondement est le principe de solidarit\u00e9 des mutualit\u00e9s fondatrices.<\/em>.<\/p>\n<p><span style=\"color: #8b1017;\"><strong>Mutas est professionnel<\/strong><\/span><br \/>\n<em>Lorsque vous aidez des personnes qui sont dans le besoin ou qui ont besoin d'assistance, vous travaillez avec pr\u00e9cision et rapidit\u00e9, \u00e0 chaque fois.\u00a0<\/em><\/p>\n<p><span style=\"color: #8b1017;\"><strong>Mutas est attentionn\u00e9<\/strong><\/span><br \/>\n<em>Les collaborateurs Mutas de la centrale d\u2019alarme et de soins sont des aidants.<\/em><\/p>\n<p><span style=\"color: #8b1017;\"><strong>Mutas est empathique<\/strong><\/span><br \/>\n<em>Mutas porte les gens dans son c\u0153ur et compatit avec eux. Nous traitons chaque demande d'assistance avec gentillesse et avec toute l'attention n\u00e9cessaire.<\/em><\/p>\n<p><span style=\"color: #8b1017;\"><strong>Mutas est solide<\/strong><\/span><br \/>\n<em>Nous sommes une centrale d'alarme depuis 1989. Gr\u00e2ce \u00e0 notre expertise, nous savons ce qui fonctionne, mais en m\u00eame temps, nous continuons \u00e0 investir dans une qualit\u00e9 de service toujours meilleure.<\/em><\/p>\n<p><span style=\"color: #8b1017;\"><strong>Mutas est dynamique<\/strong><\/span><br \/>\n<em>Mutas est un lieu de travail positif et \u00e9nergique o\u00f9 il y a de la place pour la croissance et pour chacun, Avec nous chaque coll\u00e8gue re\u00e7oit de l'appr\u00e9ciation et du soutien.<\/em><\/p>\n<p>Vous voulez savoir comment cette mission a vu le jour ? Vous pouvez trouver l'origine\u00a0<u><a href=\"https:\/\/www.mutas.be\/documents\/Mutas-missiewebsite.doc\" target=\"_blank\" rel=\"noopener\">ici<\/a>.<\/u><\/p>\n<\/div><div class=\"fusion-text fusion-text-3\"><p><strong><span style=\"color: #8b1017;\">Chez Mutas, notre mission nous guide chaque jour.<\/span>\u00a0<\/strong>\u00c0 titre d'illustration, vous trouverez ci-dessous quelques \"t\u00e9moignages\" de chercheurs de contact qui travaillent pour Mutas de mani\u00e8re temporaire depuis 2020 en raison de l'\u00e9pid\u00e9mie de coronavirus. Nous leur avons demand\u00e9 si notre mission \u00e9tait \"visible\" sur le lieu de travail :<\/p>\n<\/div><div class=\"fusion-testimonials clean awb-speech-bubble-show fusion-testimonials-1\" style=\"--awb-textcolor:#747474;--awb-backgroundcolor:#f6f3f3;--awb-testimonial-border-style:solid;--awb-testimonial-border-color:var(--awb-color3);--awb-border-top-left-radius:0px;--awb-border-top-right-radius:0px;--awb-border-bottom-left-radius:0px;--awb-border-bottom-right-radius:0px;--testimonial-border-width-top:0px;--testimonial-border-width-right:0px;--testimonial-border-width-bottom:0px;--testimonial-border-width-left:0px;\" data-random=\"0\" data-speed=\"4000\"><div class=\"reviews\"><div class=\"review active-testimonial avatar-above no-avatar\"><blockquote class=\"testimonials-shortcode-blockquote\"><div class=\"awb-quote\"><div class=\"awb-quote-content\">\n<p>L'ensemble de l'organisation respire une atmosph\u00e8re chaleureuse et agr\u00e9able. Chez Mutas, les id\u00e9es de chacun sont appr\u00e9ci\u00e9es et nous travaillons ensemble de mani\u00e8re tr\u00e8s agr\u00e9able.<\/p>\n<\/div><\/div><\/blockquote><div class=\"author\"><span class=\"company-name\"><\/span><\/div><\/div><div class=\"review avatar-above no-avatar\"><blockquote class=\"testimonials-shortcode-blockquote\"><div class=\"awb-quote\"><div class=\"awb-quote-content\">\n<p>Je peux confirmer que la dynamique dont parle la mission est bien pr\u00e9sente. Et l'amabilit\u00e9 avec laquelle nous avons \u00e9t\u00e9 accueillis est un bon exemple du sentiment de chaleur et d'attention que vous voulez d\u00e9gager. Le professionnalisme est \u00e9galement tangible. Il y a le b\u00e2timent lui-m\u00eame, qui est neuf et moderne, mais le professionnalisme est \u00e9galement port\u00e9 par les employ\u00e9s.<\/p>\n<\/div><\/div><\/blockquote><div class=\"author\"><span class=\"company-name\"><\/span><\/div><\/div><div class=\"review avatar-above no-avatar\"><blockquote class=\"testimonials-shortcode-blockquote\"><div class=\"awb-quote\"><div class=\"awb-quote-content\">\n<p>Mutas a.s.b.l. pourrait \u00eatre d\u00e9cri te comme \"unit\u00e9\" et\n\"serviabilit\u00e9\". Tout le monde ici est amical , tout le monde\ns'entraide et je pense que c'est fantastique. Le b\u00e2timent est\nun lieu de travail agr\u00e9able. Les mots cl\u00e9s que je vois vivre ici\n: tout le monde est professionnel et empathique et comme\nd\u00e9crit sur le site web, Mutas est un lieu de travail positif o\u00f9\nl 'on trouve l '\u00e9nergie pour faire son travail et o\u00f9 l 'on re\u00e7oit\nl 'appr\u00e9ciation et le soutien des coll\u00e8gues !<\/p>\n<\/div><\/div><\/blockquote><div class=\"author\"><span class=\"company-name\"><\/span><\/div><\/div><\/div><\/div><\/div><\/div><\/div><\/div><\/p>","protected":false},"excerpt":{"rendered":"","protected":false},"author":3,"featured_media":0,"parent":0,"menu_order":0,"comment_status":"closed","ping_status":"closed","template":"100-width.php","meta":{"footnotes":""},"class_list":["post-13877","page","type-page","status-publish","hentry"],"_links":{"self":[{"href":"https:\/\/mutas.be\/fr\/wp-json\/wp\/v2\/pages\/13877","targetHints":{"allow":["GET"]}}],"collection":[{"href":"https:\/\/mutas.be\/fr\/wp-json\/wp\/v2\/pages"}],"about":[{"href":"https:\/\/mutas.be\/fr\/wp-json\/wp\/v2\/types\/page"}],"author":[{"embeddable":true,"href":"https:\/\/mutas.be\/fr\/wp-json\/wp\/v2\/users\/3"}],"replies":[{"embeddable":true,"href":"https:\/\/mutas.be\/fr\/wp-json\/wp\/v2\/comments?post=13877"}],"version-history":[{"count":11,"href":"https:\/\/mutas.be\/fr\/wp-json\/wp\/v2\/pages\/13877\/revisions"}],"predecessor-version":[{"id":14924,"href":"https:\/\/mutas.be\/fr\/wp-json\/wp\/v2\/pages\/13877\/revisions\/14924"}],"wp:attachment":[{"href":"https:\/\/mutas.be\/fr\/wp-json\/wp\/v2\/media?parent=13877"}],"curies":[{"name":"wp","href":"https:\/\/api.w.org\/{rel}","templated":true}]}}