{"id":154,"date":"2021-03-26T15:27:05","date_gmt":"2021-03-26T15:27:05","guid":{"rendered":"https:\/\/mutas.be\/?page_id=154"},"modified":"2023-03-09T12:47:44","modified_gmt":"2023-03-09T12:47:44","slug":"childfocus","status":"publish","type":"page","link":"https:\/\/mutas.be\/fr\/childfocus\/","title":{"rendered":"Child Focus"},"content":{"rendered":"<div class=\"fusion-fullwidth fullwidth-box fusion-builder-row-1 fusion-flex-container hundred-percent-fullwidth non-hundred-percent-height-scrolling\" style=\"--awb-border-radius-top-left:0px;--awb-border-radius-top-right:0px;--awb-border-radius-bottom-right:0px;--awb-border-radius-bottom-left:0px;--awb-padding-top:40px;--awb-flex-wrap:wrap;\" ><div class=\"fusion-builder-row fusion-row fusion-flex-align-items-flex-start fusion-flex-content-wrap\" style=\"width:104% !important;max-width:104% !important;margin-left: calc(-4% \/ 2 );margin-right: calc(-4% \/ 2 );\"><div class=\"fusion-layout-column fusion_builder_column fusion-builder-column-0 fusion_builder_column_1_1 1_1 fusion-flex-column fusion-animated\" style=\"--awb-bg-size:cover;--awb-width-large:100%;--awb-margin-top-large:0px;--awb-spacing-right-large:1.92%;--awb-margin-bottom-large:20px;--awb-spacing-left-large:1.92%;--awb-width-medium:100%;--awb-order-medium:0;--awb-spacing-right-medium:1.92%;--awb-spacing-left-medium:1.92%;--awb-width-small:100%;--awb-order-small:0;--awb-spacing-right-small:1.92%;--awb-spacing-left-small:1.92%;\" data-animationtype=\"fadeInUp\" data-animationduration=\"0.3\" data-animationoffset=\"top-into-view\"><div class=\"fusion-column-wrapper fusion-column-has-shadow fusion-flex-justify-content-flex-start fusion-content-layout-column\"><div class=\"fusion-text fusion-text-1\"><p><a href=\"https:\/\/childfocus.be\/fr\" target=\"_blank\" rel=\"noopener\"><span style=\"color: #8b1017;\">CHILD FOCUS<\/span><\/a><span style=\"color: #000000;\"> est la Fondation pour les enfants disparus et sexuellement exploit\u00e9s.<\/span><\/p>\n<p><span style=\"color: #000000;\">Mutas r\u00e9pond aux appels de Child Focus pendant la nuit et contribue \u00e0 assurer la disponibilit\u00e9 de la Fondation<\/span> <span style=\"color: #8b1017;\">24 heures sur 24, 7 jours sur 7<\/span>\u00a0<span style=\"color: #000000;\">.<\/span><\/p>\n<p><span style=\"color: #000000;\">Toute personne ayant des informations sur des enfants disparus ou sexuellement exploit\u00e9s ou ayant besoin d'aide dans de telles situations, peut toujours appeler le<\/span>\u00a0<span style=\"color: #8b1017;\">num\u00e9ro d'urgence<span style=\"color: #ffffff;\"> <a style=\"color: #ffffff;\" href=\"callto:116000\"><span style=\"color: #8b1017;\">116 000<\/span><\/a><\/span><\/span>.<\/p>\n<\/div><\/div><\/div><\/div><\/div>","protected":false},"excerpt":{"rendered":"","protected":false},"author":3,"featured_media":0,"parent":0,"menu_order":0,"comment_status":"closed","ping_status":"closed","template":"100-width.php","meta":{"footnotes":""},"class_list":["post-154","page","type-page","status-publish","hentry"],"_links":{"self":[{"href":"https:\/\/mutas.be\/fr\/wp-json\/wp\/v2\/pages\/154","targetHints":{"allow":["GET"]}}],"collection":[{"href":"https:\/\/mutas.be\/fr\/wp-json\/wp\/v2\/pages"}],"about":[{"href":"https:\/\/mutas.be\/fr\/wp-json\/wp\/v2\/types\/page"}],"author":[{"embeddable":true,"href":"https:\/\/mutas.be\/fr\/wp-json\/wp\/v2\/users\/3"}],"replies":[{"embeddable":true,"href":"https:\/\/mutas.be\/fr\/wp-json\/wp\/v2\/comments?post=154"}],"version-history":[{"count":22,"href":"https:\/\/mutas.be\/fr\/wp-json\/wp\/v2\/pages\/154\/revisions"}],"predecessor-version":[{"id":14981,"href":"https:\/\/mutas.be\/fr\/wp-json\/wp\/v2\/pages\/154\/revisions\/14981"}],"wp:attachment":[{"href":"https:\/\/mutas.be\/fr\/wp-json\/wp\/v2\/media?parent=154"}],"curies":[{"name":"wp","href":"https:\/\/api.w.org\/{rel}","templated":true}]}}