{"id":57,"date":"2021-03-18T13:39:12","date_gmt":"2021-03-18T13:39:12","guid":{"rendered":"https:\/\/beta.mutas.be\/?page_id=57"},"modified":"2024-05-17T10:12:13","modified_gmt":"2024-05-17T10:12:13","slug":"werken-bij-mutas","status":"publish","type":"page","link":"https:\/\/mutas.be\/fr\/werken-bij-mutas\/","title":{"rendered":"Travailler chez Mutas"},"content":{"rendered":"<div class=\"fusion-fullwidth fullwidth-box fusion-builder-row-1 fusion-flex-container hundred-percent-fullwidth non-hundred-percent-height-scrolling\" style=\"--awb-border-radius-top-left:0px;--awb-border-radius-top-right:0px;--awb-border-radius-bottom-right:0px;--awb-border-radius-bottom-left:0px;--awb-padding-top:4%;--awb-padding-right:4%;--awb-padding-bottom:4%;--awb-padding-left:4%;--awb-margin-top:40px;--awb-flex-wrap:wrap;\" ><div class=\"fusion-builder-row fusion-row fusion-flex-align-items-flex-start fusion-flex-content-wrap\" style=\"width:104% !important;max-width:104% !important;margin-left: calc(-4% \/ 2 );margin-right: calc(-4% \/ 2 );\"><div class=\"fusion-layout-column fusion_builder_column fusion-builder-column-0 fusion_builder_column_1_1 1_1 fusion-flex-column fusion-animated\" style=\"--awb-bg-size:cover;--awb-width-large:100%;--awb-margin-top-large:0px;--awb-spacing-right-large:1.92%;--awb-margin-bottom-large:20px;--awb-spacing-left-large:1.92%;--awb-width-medium:100%;--awb-order-medium:0;--awb-spacing-right-medium:1.92%;--awb-spacing-left-medium:1.92%;--awb-width-small:100%;--awb-order-small:0;--awb-spacing-right-small:1.92%;--awb-spacing-left-small:1.92%;\" data-animationtype=\"fadeInUp\" data-animationduration=\"0.3\" data-animationoffset=\"top-into-view\"><div class=\"fusion-column-wrapper fusion-column-has-shadow fusion-flex-justify-content-flex-start fusion-content-layout-column\"><div class=\"fusion-title title fusion-title-1 fusion-title-text fusion-title-size-two\" style=\"--awb-font-size:var(--awb-typography1-font-size);\"><div class=\"title-sep-container title-sep-container-left fusion-no-large-visibility fusion-no-medium-visibility fusion-no-small-visibility\"><div class=\"title-sep sep- sep-solid\" style=\"border-color:#e0dede;\"><\/div><\/div><span class=\"awb-title-spacer fusion-no-large-visibility fusion-no-medium-visibility fusion-no-small-visibility\"><\/span><h2 class=\"fusion-title-heading title-heading-left fusion-responsive-typography-calculated\" style=\"font-family:var(--awb-typography1-font-family);font-weight:var(--awb-typography1-font-weight);font-style:var(--awb-typography1-font-style);margin:0;letter-spacing:var(--awb-typography1-letter-spacing);text-transform:var(--awb-typography1-text-transform);font-size:1em;--fontSize:46;line-height:var(--awb-typography1-line-height);\"><h2><span style=\"color: #8b1017;\">Travailler chez Mutas<\/span><\/h2><\/h2><span class=\"awb-title-spacer\"><\/span><div class=\"title-sep-container title-sep-container-right\"><div class=\"title-sep sep- sep-solid\" style=\"border-color:#e0dede;\"><\/div><\/div><\/div><div class=\"fusion-text fusion-text-1\" style=\"--awb-text-transform:none;\"><p><strong><span style=\"color: #8b1017;\">Travailler chez Mutas<\/span>\u00a0<\/strong>, c'est travailler dans une \u00e9quipe motiv\u00e9e de travailleurs sociaux, de m\u00e9decins, d'informaticiens et de nombreux employ\u00e9s administratifs. Nous comptons aujourd'hui\u00a0<strong><span style=\"color: #8b1017;\">plus de 120 coll\u00e8gues<\/span><\/strong><strong>, <\/strong>tous actifs dans nos bureaux <span style=\"color: #8b1017;\"><strong>\u00e0 Zellik ou \u00e0 domicile (lorsque nous faisons du t\u00e9l\u00e9travail)<\/strong><\/span><span style=\"color: #000000;\">.<\/span><\/p>\n<\/div><\/div><\/div><div class=\"fusion-layout-column fusion_builder_column fusion-builder-column-1 fusion_builder_column_2_3 2_3 fusion-flex-column\" style=\"--awb-bg-size:cover;--awb-width-large:66.666666666667%;--awb-margin-top-large:0px;--awb-spacing-right-large:2.88%;--awb-margin-bottom-large:20px;--awb-spacing-left-large:2.88%;--awb-width-medium:100%;--awb-order-medium:0;--awb-spacing-right-medium:1.92%;--awb-spacing-left-medium:1.92%;--awb-width-small:100%;--awb-order-small:0;--awb-spacing-right-small:1.92%;--awb-spacing-left-small:1.92%;\"><div class=\"fusion-column-wrapper fusion-column-has-shadow fusion-flex-justify-content-flex-start fusion-content-layout-column\"><div class=\"fusion-text fusion-text-2\"><p><span style=\"color: #8b1017;\"><strong>Nous recherchons r\u00e9guli\u00e8rement de nouveaux coll\u00e8gues.<\/strong><\/span><\/p>\n<ul>\n<li>qui \u00e9prouvent une grande satisfaction \u00e0 aider les gens.<\/li>\n<li>qui souhaitent travailler dans le secteur social avec beaucoup d'enthousiasme et d'engagement<\/li>\n<li>qui aiment travailler en \u00e9troite collaboration dans des \u00e9quipes d\u00e9di\u00e9es (assistance nationale : 50 coll\u00e8gues, assistance internationale : 50 coll\u00e8gues)<\/li>\n<li>qui ont une bonne ma\u00eetrise des langues (n\u00e9erlandais, fran\u00e7ais, anglais pour l'assistance internationale)<\/li>\n<\/ul>\n<p><strong><span style=\"color: #8b1017;\">Et bien s\u00fbr, en tant qu'employeur, nous faisons tout ce que nous pouvons<\/span>\u00a0<\/strong>pour \u00eatre s\u00fbr de mettre \u00e7a dans\u00a0<span style=\"color: #ff0000;\"><span style=\"color: #8b1017;\"><strong>conditions agr\u00e9ables<\/strong><\/span>\u00a0<\/span>.<\/p>\n<ul>\n<li>dans une entreprise ayant une culture d'entreprise ouverte et sans pr\u00e9jug\u00e9s<\/li>\n<li>avec beaucoup d'attention pour l'encadrement et l'orientation<\/li>\n<li>avec un bon \u00e9quilibre entre votre temps \u00e0 Mutas et votre temps ailleurs<\/li>\n<\/ul>\n<\/div><\/div><\/div><div class=\"fusion-layout-column fusion_builder_column fusion-builder-column-2 fusion_builder_column_1_3 1_3 fusion-flex-column fusion-animated\" style=\"--awb-bg-size:cover;--awb-width-large:33.333333333333%;--awb-margin-top-large:0px;--awb-spacing-right-large:5.76%;--awb-margin-bottom-large:20px;--awb-spacing-left-large:5.76%;--awb-width-medium:100%;--awb-order-medium:0;--awb-spacing-right-medium:1.92%;--awb-spacing-left-medium:1.92%;--awb-width-small:100%;--awb-order-small:0;--awb-spacing-right-small:1.92%;--awb-spacing-left-small:1.92%;\" data-animationtype=\"slideInRight\" data-animationduration=\"2.0\" data-animationoffset=\"top-into-view\"><div class=\"fusion-column-wrapper fusion-column-has-shadow fusion-flex-justify-content-flex-start fusion-content-layout-column\"><\/div><\/div><div class=\"fusion-layout-column fusion_builder_column fusion-builder-column-3 fusion_builder_column_1_1 1_1 fusion-flex-column fusion-animated\" style=\"--awb-bg-size:cover;--awb-width-large:100%;--awb-margin-top-large:0px;--awb-spacing-right-large:1.92%;--awb-margin-bottom-large:20px;--awb-spacing-left-large:1.92%;--awb-width-medium:100%;--awb-order-medium:0;--awb-spacing-right-medium:1.92%;--awb-spacing-left-medium:1.92%;--awb-width-small:100%;--awb-order-small:0;--awb-spacing-right-small:1.92%;--awb-spacing-left-small:1.92%;\" data-animationtype=\"fadeInUp\" data-animationduration=\"0.3\" data-animationoffset=\"top-into-view\"><div class=\"fusion-column-wrapper fusion-column-has-shadow fusion-flex-justify-content-flex-start fusion-content-layout-column\"><div class=\"fusion-text fusion-text-3\"><p><strong><span style=\"color: #8b1017;\">Vous souhaitez travailler pour nous ?<\/span>\u00a0<\/strong>Veuillez r\u00e9agir \u00e0 l'un des postes vacants via le lien ci-dessous ou envoyez votre candidature et votre CV spontan\u00e9ment via le lien ci-dessous.<\/p>\n<p><span style=\"color: #8b1017;\"><strong>Vous \u00eates \u00e9tudiant<\/strong><\/span>\u00a0et vous aimeriez travailler \u00e0 Mutas pendant les vacances scolaires ? Vous parlez couramment le n\u00e9erlandais, le fran\u00e7ais et l'anglais ? \u00cates-vous pr\u00eat \u00e0 travailler le soir et le week-end ?<br \/>\nVeuillez envoyer votre candidature ainsi que votre CV via le lien ci-dessous :<\/p>\n<\/div><div ><a class=\"fusion-button button-flat button-xlarge button-default fusion-button-default button-1 fusion-button-default-span fusion-button-default-type\" style=\"--button-border-radius-top-left:8px;--button-border-radius-top-right:8px;--button-border-radius-bottom-right:8px;--button-border-radius-bottom-left:8px;--button_margin-bottom:50px;\" target=\"_blank\" rel=\"noopener noreferrer\" title=\"Recruitee\" aria-label=\"Recruitee\" href=\"https:\/\/mutasvzw.recruitee.com\/#\/\"><span class=\"fusion-button-text awb-button__text awb-button__text--default\">Postes vacants<\/span><\/a><\/div><\/div><\/div><div class=\"fusion-layout-column fusion_builder_column fusion-builder-column-4 fusion_builder_column_1_1 1_1 fusion-flex-column fusion-animated\" style=\"--awb-bg-size:cover;--awb-width-large:100%;--awb-margin-top-large:0px;--awb-spacing-right-large:1.92%;--awb-margin-bottom-large:20px;--awb-spacing-left-large:1.92%;--awb-width-medium:100%;--awb-order-medium:0;--awb-spacing-right-medium:1.92%;--awb-spacing-left-medium:1.92%;--awb-width-small:100%;--awb-order-small:0;--awb-spacing-right-small:1.92%;--awb-spacing-left-small:1.92%;\" data-animationtype=\"fadeInUp\" data-animationduration=\"0.3\" data-animationoffset=\"top-into-view\"><div class=\"fusion-column-wrapper fusion-column-has-shadow fusion-flex-justify-content-flex-start fusion-content-layout-column\"><div class=\"fusion-text fusion-text-4\" style=\"--awb-margin-right:50%;\"><p>Si vous n'\u00eates pas s\u00fbr qu'un emploi chez Mutas vous convienne ou si vous avez des questions sur un poste vacant, vous pouvez toujours nous contacter :<\/p>\n<\/div><div class=\"fusion-builder-row fusion-builder-row-inner fusion-row fusion-flex-align-items-flex-start fusion-flex-content-wrap\" style=\"width:104% !important;max-width:104% !important;margin-left: calc(-4% \/ 2 );margin-right: calc(-4% \/ 2 );\"><div class=\"fusion-layout-column fusion_builder_column_inner fusion-builder-nested-column-0 fusion_builder_column_inner_1_3 1_3 fusion-flex-column\" style=\"--awb-bg-size:cover;--awb-width-large:33.333333333333%;--awb-margin-top-large:0px;--awb-spacing-right-large:5.76%;--awb-margin-bottom-large:20px;--awb-spacing-left-large:5.76%;--awb-width-medium:100%;--awb-order-medium:0;--awb-spacing-right-medium:1.92%;--awb-spacing-left-medium:1.92%;--awb-width-small:100%;--awb-order-small:0;--awb-spacing-right-small:1.92%;--awb-spacing-left-small:1.92%;\"><div class=\"fusion-column-wrapper fusion-column-has-shadow fusion-flex-justify-content-flex-start fusion-content-layout-column\"><div class=\"fusion-person person fusion-person-left fusion-person-1 fusion-person-icon-top\" style=\"--awb-pic-style-color:#000000;--awb-pic-borderradius:5px;--awb-margin-top:0px;--awb-margin-right:0px;--awb-margin-bottom:0px;--awb-margin-left:0px;--awb-social-box-border-top:0px;--awb-social-box-border-right:0px;--awb-social-box-border-bottom:0px;--awb-social-box-border-left:0px;\"><div class=\"person-desc\"><div class=\"person-author\"><div class=\"person-author-wrapper\"><span class=\"person-name\">Ilona Vanderveken<\/span><span class=\"person-title\">HR-medewerker\/Recruiter<\/span><\/div><div class=\"fusion-social-networks\"><div class=\"fusion-social-networks-wrapper\"><a class=\"fusion-social-network-icon fusion-tooltip fusion-mail awb-icon-mail\" aria-label=\"fusion-mail\" href=\"mailto:I&#108;o&#110;&#097;&#046;&#118;&#097;nd&#101;r&#118;&#101;&#107;en&#064;&#109;u&#116;as&#046;be\" target=\"_self\" data-title=\"Mail\" title=\"Mail\" data-toggle=\"tooltip\"><\/a><a class=\"fusion-social-network-icon fusion-tooltip fusion-phone awb-icon-phone\" aria-label=\"fusion-phone\" href=\"tel:022720995\" target=\"_self\" data-title=\"Phone\" title=\"Phone\" data-toggle=\"tooltip\"><\/a><\/div><\/div><\/div><div class=\"person-content fusion-clearfix\"><\/div><\/div><\/div><div class=\"fusion-person person fusion-person-left fusion-person-2 fusion-person-icon-top\" style=\"--awb-pic-style-color:#000000;--awb-pic-borderradius:5px;--awb-margin-top:0px;--awb-margin-right:0px;--awb-margin-bottom:0px;--awb-margin-left:0px;--awb-social-box-border-top:0px;--awb-social-box-border-right:0px;--awb-social-box-border-bottom:0px;--awb-social-box-border-left:0px;\"><div class=\"person-desc\"><div class=\"person-author\"><div class=\"person-author-wrapper\"><span class=\"person-name\">Tom Kesenne<\/span><span class=\"person-title\">HR-manager<\/span><\/div><div class=\"fusion-social-networks\"><div class=\"fusion-social-networks-wrapper\"><a class=\"fusion-social-network-icon fusion-tooltip fusion-mail awb-icon-mail\" aria-label=\"fusion-mail\" href=\"mailto:&#084;&#111;&#109;.&#107;esen&#110;e&#064;&#109;ut&#097;s.b&#101;\" target=\"_self\" data-title=\"Mail\" title=\"Mail\" data-toggle=\"tooltip\"><\/a><a class=\"fusion-social-network-icon fusion-tooltip fusion-phone awb-icon-phone\" aria-label=\"fusion-phone\" href=\"tel:022720994 \" target=\"_self\" data-title=\"Phone\" title=\"Phone\" data-toggle=\"tooltip\"><\/a><\/div><\/div><\/div><div class=\"person-content fusion-clearfix\"><\/div><\/div><\/div><\/div><\/div><\/div><\/div><\/div><\/div><\/div>","protected":false},"excerpt":{"rendered":"","protected":false},"author":3,"featured_media":0,"parent":0,"menu_order":0,"comment_status":"closed","ping_status":"closed","template":"100-width.php","meta":{"footnotes":""},"class_list":["post-57","page","type-page","status-publish","hentry"],"_links":{"self":[{"href":"https:\/\/mutas.be\/fr\/wp-json\/wp\/v2\/pages\/57","targetHints":{"allow":["GET"]}}],"collection":[{"href":"https:\/\/mutas.be\/fr\/wp-json\/wp\/v2\/pages"}],"about":[{"href":"https:\/\/mutas.be\/fr\/wp-json\/wp\/v2\/types\/page"}],"author":[{"embeddable":true,"href":"https:\/\/mutas.be\/fr\/wp-json\/wp\/v2\/users\/3"}],"replies":[{"embeddable":true,"href":"https:\/\/mutas.be\/fr\/wp-json\/wp\/v2\/comments?post=57"}],"version-history":[{"count":64,"href":"https:\/\/mutas.be\/fr\/wp-json\/wp\/v2\/pages\/57\/revisions"}],"predecessor-version":[{"id":15125,"href":"https:\/\/mutas.be\/fr\/wp-json\/wp\/v2\/pages\/57\/revisions\/15125"}],"wp:attachment":[{"href":"https:\/\/mutas.be\/fr\/wp-json\/wp\/v2\/media?parent=57"}],"curies":[{"name":"wp","href":"https:\/\/api.w.org\/{rel}","templated":true}]}}